{"id":24,"date":"2021-02-04T08:36:18","date_gmt":"2021-02-04T08:36:18","guid":{"rendered":"https:\/\/erp.getonnet.dev\/?page_id=24"},"modified":"2021-03-15T19:28:54","modified_gmt":"2021-03-15T19:28:54","slug":"tjenester","status":"publish","type":"page","link":"https:\/\/erpservice.no\/en\/tjenester\/","title":{"rendered":"Services"},"content":{"rendered":"<div data-elementor-type=\"wp-page\" data-elementor-id=\"24\" class=\"elementor elementor-24\" data-elementor-post-type=\"page\">\n\t\t\t\t\t\t<section class=\"elementor-section elementor-top-section elementor-element elementor-element-70c4525 elementor-section-full_width elementor-section-height-default elementor-section-height-default\" data-id=\"70c4525\" data-element_type=\"section\" data-e-type=\"section\" data-settings=\"{&quot;background_background&quot;:&quot;classic&quot;}\">\n\t\t\t\t\t\t<div class=\"elementor-container elementor-column-gap-no\">\n\t\t\t\t\t<div class=\"elementor-column elementor-col-100 elementor-top-column elementor-element elementor-element-fd8cf0d\" data-id=\"fd8cf0d\" data-element_type=\"column\" data-e-type=\"column\">\n\t\t\t<div class=\"elementor-widget-wrap elementor-element-populated\">\n\t\t\t\t\t\t<div class=\"elementor-element elementor-element-3e9b599 elementor-widget elementor-widget-heading\" data-id=\"3e9b599\" data-element_type=\"widget\" data-e-type=\"widget\" data-widget_type=\"heading.default\">\n\t\t\t\t<div class=\"elementor-widget-container\">\n\t\t\t\t\t<h1 class=\"elementor-heading-title elementor-size-default\">Services<\/h1>\t\t\t\t<\/div>\n\t\t\t\t<\/div>\n\t\t\t\t<div class=\"elementor-element elementor-element-b236d75 elementor-widget-divider--view-line elementor-widget elementor-widget-divider\" data-id=\"b236d75\" data-element_type=\"widget\" data-e-type=\"widget\" data-widget_type=\"divider.default\">\n\t\t\t\t<div class=\"elementor-widget-container\">\n\t\t\t\t\t\t\t<div class=\"elementor-divider\">\n\t\t\t<span class=\"elementor-divider-separator\">\n\t\t\t\t\t\t<\/span>\n\t\t<\/div>\n\t\t\t\t\t\t<\/div>\n\t\t\t\t<\/div>\n\t\t\t\t<div class=\"elementor-element elementor-element-2ef33f4 ee-toggle-element--round ee-labels-align--center ee-labels-align-stacked--center elementor-widget elementor-widget-ee-toggle-element\" data-id=\"2ef33f4\" data-element_type=\"widget\" data-e-type=\"widget\" data-settings=\"{&quot;indicator_color&quot;:&quot;#022D36&quot;,&quot;toggle_hash_load&quot;:&quot;yes&quot;,&quot;toggle_active_index&quot;:1,&quot;indicator_speed&quot;:{&quot;unit&quot;:&quot;px&quot;,&quot;size&quot;:0.299999999999999988897769753748434595763683319091796875,&quot;sizes&quot;:[]},&quot;refresh_widgets&quot;:&quot;yes&quot;}\" data-widget_type=\"ee-toggle-element.classic\">\n\t\t\t\t<div class=\"elementor-widget-container\">\n\t\t\t\t\t\t\t<div class=\"ee-toggle-element\">\n\t\t\t<div class=\"ee-toggle-element__toggle\">\n\t\t\t\t<div class=\"ee-toggle-element__controls-wrapper ee-toggle-element__controls-wrapper--before\">\n\t\t\t<div class=\"ee-toggle-element__indicator\"><\/div><ul class=\"ee-toggle-element__controls\"><li class=\"ee-toggle-element__controls__item elementor-repeater-item-821eaa3 ee--is-empty\" data-hash=\"kunde\"><span class=\"ee-toggle-element__controls__text\" unselectable=\"on\">Customer services<\/span><\/li><li class=\"ee-toggle-element__controls__item elementor-repeater-item-aa3a660 ee--is-empty\" data-hash=\"partner\"><span class=\"ee-toggle-element__controls__text\" unselectable=\"on\">Partner services<\/span><\/li><\/ul><\/div>\t\t\t\t<div class=\"ee-toggle-element__elements\">\n\t\t\t\t\t<div class=\"ee-toggle-element__element elementor-repeater-item-821eaa3\"><div class=\"elementor-template\">\t\t<div data-elementor-type=\"section\" data-elementor-id=\"321\" class=\"elementor elementor-321\" data-elementor-post-type=\"elementor_library\">\n\t\t\t\t\t<section class=\"elementor-section elementor-top-section elementor-element elementor-element-a1c3f56 elementor-section-boxed elementor-section-height-default elementor-section-height-default\" data-id=\"a1c3f56\" data-element_type=\"section\" data-e-type=\"section\">\n\t\t\t\t\t\t<div class=\"elementor-container elementor-column-gap-no\">\n\t\t\t\t\t<div class=\"elementor-column elementor-col-100 elementor-top-column elementor-element elementor-element-feae593\" data-id=\"feae593\" data-element_type=\"column\" data-e-type=\"column\" data-settings=\"{&quot;background_background&quot;:&quot;classic&quot;}\">\n\t\t\t<div class=\"elementor-widget-wrap elementor-element-populated\">\n\t\t\t\t\t\t<div class=\"elementor-element elementor-element-46bb74a elementor-widget elementor-widget-heading\" data-id=\"46bb74a\" data-element_type=\"widget\" data-e-type=\"widget\" data-widget_type=\"heading.default\">\n\t\t\t\t<div class=\"elementor-widget-container\">\n\t\t\t\t\t<h2 class=\"elementor-heading-title elementor-size-default\">We provide advice and assistance in all phases of change journey related to ERP and IT<\/h2>\t\t\t\t<\/div>\n\t\t\t\t<\/div>\n\t\t\t\t<div class=\"elementor-element elementor-element-0caf627 elementor-widget-divider--view-line elementor-widget elementor-widget-divider\" data-id=\"0caf627\" data-element_type=\"widget\" data-e-type=\"widget\" data-widget_type=\"divider.default\">\n\t\t\t\t<div class=\"elementor-widget-container\">\n\t\t\t\t\t\t\t<div class=\"elementor-divider\">\n\t\t\t<span class=\"elementor-divider-separator\">\n\t\t\t\t\t\t<\/span>\n\t\t<\/div>\n\t\t\t\t\t\t<\/div>\n\t\t\t\t<\/div>\n\t\t\t\t<section class=\"elementor-section elementor-inner-section elementor-element elementor-element-7eab233 elementor-section-full_width elementor-section-height-default elementor-section-height-default\" data-id=\"7eab233\" data-element_type=\"section\" data-e-type=\"section\" data-settings=\"{&quot;background_background&quot;:&quot;classic&quot;}\">\n\t\t\t\t\t\t<div class=\"elementor-container elementor-column-gap-no\">\n\t\t\t\t\t<div class=\"elementor-column elementor-col-66 elementor-inner-column elementor-element elementor-element-af1a2cf\" data-id=\"af1a2cf\" data-element_type=\"column\" data-e-type=\"column\" data-settings=\"{&quot;background_background&quot;:&quot;classic&quot;}\">\n\t\t\t<div class=\"elementor-widget-wrap elementor-element-populated\">\n\t\t\t\t\t\t<div class=\"elementor-element elementor-element-b63cbc1 elementor-widget elementor-widget-text-editor\" data-id=\"b63cbc1\" data-element_type=\"widget\" data-e-type=\"widget\" data-widget_type=\"text-editor.default\">\n\t\t\t\t<div class=\"elementor-widget-container\">\n\t\t\t\t\t\t\t\t\t<p>Our counseling and assistance is always connected to the customer's business processes.  Our employees have several years of experience in areas like project management, change management, process design, solution architecture, test management, implementation, continuous maintenance and revitalization, operations management and daily assistance.<\/p>\t\t\t\t\t\t\t\t<\/div>\n\t\t\t\t<\/div>\n\t\t\t\t<div class=\"elementor-element elementor-element-62eee54 elementor-widget elementor-widget-image\" data-id=\"62eee54\" data-element_type=\"widget\" data-e-type=\"widget\" data-widget_type=\"image.default\">\n\t\t\t\t<div class=\"elementor-widget-container\">\n\t\t\t\t\t\t\t\t\t\t\t\t\t\t\t<img fetchpriority=\"high\" decoding=\"async\" width=\"800\" height=\"534\" src=\"https:\/\/erpservice.no\/wp-content\/uploads\/2021\/02\/DSC_8389-1024x683.jpg\" class=\"attachment-large size-large wp-image-56\" alt=\"\" srcset=\"https:\/\/erpservice.no\/wp-content\/uploads\/2021\/02\/DSC_8389-1024x683.jpg 1024w, https:\/\/erpservice.no\/wp-content\/uploads\/2021\/02\/DSC_8389-300x200.jpg 300w, https:\/\/erpservice.no\/wp-content\/uploads\/2021\/02\/DSC_8389-768x512.jpg 768w, https:\/\/erpservice.no\/wp-content\/uploads\/2021\/02\/DSC_8389-1536x1024.jpg 1536w, https:\/\/erpservice.no\/wp-content\/uploads\/2021\/02\/DSC_8389-2048x1365.jpg 2048w\" sizes=\"(max-width: 800px) 100vw, 800px\" \/>\t\t\t\t\t\t\t\t\t\t\t\t\t\t\t<\/div>\n\t\t\t\t<\/div>\n\t\t\t\t\t<\/div>\n\t\t<\/div>\n\t\t\t\t<div class=\"elementor-column elementor-col-33 elementor-inner-column elementor-element elementor-element-f102104\" data-id=\"f102104\" data-element_type=\"column\" data-e-type=\"column\" data-settings=\"{&quot;background_background&quot;:&quot;classic&quot;}\">\n\t\t\t<div class=\"elementor-widget-wrap elementor-element-populated\">\n\t\t\t\t\t\t<div class=\"elementor-element elementor-element-f97edb1 elementor-align-start elementor-icon-list--layout-traditional elementor-list-item-link-full_width elementor-widget elementor-widget-icon-list\" data-id=\"f97edb1\" data-element_type=\"widget\" data-e-type=\"widget\" data-widget_type=\"icon-list.default\">\n\t\t\t\t<div class=\"elementor-widget-container\">\n\t\t\t\t\t\t\t<ul class=\"elementor-icon-list-items\">\n\t\t\t\t\t\t\t<li class=\"elementor-icon-list-item\">\n\t\t\t\t\t\t\t\t\t\t\t<span class=\"elementor-icon-list-icon\">\n\t\t\t\t\t\t\t<i aria-hidden=\"true\" class=\"fas fa-check\"><\/i>\t\t\t\t\t\t<\/span>\n\t\t\t\t\t\t\t\t\t\t<span class=\"elementor-icon-list-text\">Objective advice and assistance on the customer's premises<\/span>\n\t\t\t\t\t\t\t\t\t<\/li>\n\t\t\t\t\t\t\t\t<li class=\"elementor-icon-list-item\">\n\t\t\t\t\t\t\t\t\t\t\t<span class=\"elementor-icon-list-icon\">\n\t\t\t\t\t\t\t<i aria-hidden=\"true\" class=\"fas fa-check\"><\/i>\t\t\t\t\t\t<\/span>\n\t\t\t\t\t\t\t\t\t\t<span class=\"elementor-icon-list-text\">Extended use of available resources in existing ERP, Azure, Power platform etc<\/span>\n\t\t\t\t\t\t\t\t\t<\/li>\n\t\t\t\t\t\t\t\t<li class=\"elementor-icon-list-item\">\n\t\t\t\t\t\t\t\t\t\t\t<span class=\"elementor-icon-list-icon\">\n\t\t\t\t\t\t\t<i aria-hidden=\"true\" class=\"fas fa-check\"><\/i>\t\t\t\t\t\t<\/span>\n\t\t\t\t\t\t\t\t\t\t<span class=\"elementor-icon-list-text\">Development of system architecture and integrations<\/span>\n\t\t\t\t\t\t\t\t\t<\/li>\n\t\t\t\t\t\t\t\t<li class=\"elementor-icon-list-item\">\n\t\t\t\t\t\t\t\t\t\t\t<span class=\"elementor-icon-list-icon\">\n\t\t\t\t\t\t\t<i aria-hidden=\"true\" class=\"fas fa-check\"><\/i>\t\t\t\t\t\t<\/span>\n\t\t\t\t\t\t\t\t\t\t<span class=\"elementor-icon-list-text\">Training - planning, preparation and implementation<\/span>\n\t\t\t\t\t\t\t\t\t<\/li>\n\t\t\t\t\t\t\t\t<li class=\"elementor-icon-list-item\">\n\t\t\t\t\t\t\t\t\t\t\t<span class=\"elementor-icon-list-icon\">\n\t\t\t\t\t\t\t<i aria-hidden=\"true\" class=\"fas fa-check\"><\/i>\t\t\t\t\t\t<\/span>\n\t\t\t\t\t\t\t\t\t\t<span class=\"elementor-icon-list-text\">Continuous assistance in the phase between implementation and daily operations<\/span>\n\t\t\t\t\t\t\t\t\t<\/li>\n\t\t\t\t\t\t<\/ul>\n\t\t\t\t\t\t<\/div>\n\t\t\t\t<\/div>\n\t\t\t\t\t<\/div>\n\t\t<\/div>\n\t\t\t\t\t<\/div>\n\t\t<\/section>\n\t\t\t\t\t<\/div>\n\t\t<\/div>\n\t\t\t\t\t<\/div>\n\t\t<\/section>\n\t\t\t\t<\/div>\n\t\t<\/div><\/div><div class=\"ee-toggle-element__element elementor-repeater-item-aa3a660\"><div class=\"elementor-template\">\t\t<div data-elementor-type=\"section\" data-elementor-id=\"327\" class=\"elementor elementor-327\" data-elementor-post-type=\"elementor_library\">\n\t\t\t\t\t<section class=\"elementor-section elementor-top-section elementor-element elementor-element-fbc4365 elementor-section-boxed elementor-section-height-default elementor-section-height-default\" data-id=\"fbc4365\" data-element_type=\"section\" data-e-type=\"section\">\n\t\t\t\t\t\t<div class=\"elementor-container elementor-column-gap-no\">\n\t\t\t\t\t<div class=\"elementor-column elementor-col-100 elementor-top-column elementor-element elementor-element-8d97555\" data-id=\"8d97555\" data-element_type=\"column\" data-e-type=\"column\" data-settings=\"{&quot;background_background&quot;:&quot;classic&quot;}\">\n\t\t\t<div class=\"elementor-widget-wrap elementor-element-populated\">\n\t\t\t\t\t\t<div class=\"elementor-element elementor-element-f6892de elementor-widget elementor-widget-heading\" data-id=\"f6892de\" data-element_type=\"widget\" data-e-type=\"widget\" data-widget_type=\"heading.default\">\n\t\t\t\t<div class=\"elementor-widget-container\">\n\t\t\t\t\t<h2 class=\"elementor-heading-title elementor-size-default\">As sub-contractor to partners, we will be able to take on roles like<\/h2>\t\t\t\t<\/div>\n\t\t\t\t<\/div>\n\t\t\t\t<div class=\"elementor-element elementor-element-03684d7 elementor-widget-divider--view-line elementor-widget elementor-widget-divider\" data-id=\"03684d7\" data-element_type=\"widget\" data-e-type=\"widget\" data-widget_type=\"divider.default\">\n\t\t\t\t<div class=\"elementor-widget-container\">\n\t\t\t\t\t\t\t<div class=\"elementor-divider\">\n\t\t\t<span class=\"elementor-divider-separator\">\n\t\t\t\t\t\t<\/span>\n\t\t<\/div>\n\t\t\t\t\t\t<\/div>\n\t\t\t\t<\/div>\n\t\t\t\t<section class=\"elementor-section elementor-inner-section elementor-element elementor-element-a3e973a elementor-section-full_width elementor-section-height-default elementor-section-height-default\" data-id=\"a3e973a\" data-element_type=\"section\" data-e-type=\"section\" data-settings=\"{&quot;background_background&quot;:&quot;classic&quot;}\">\n\t\t\t\t\t\t<div class=\"elementor-container elementor-column-gap-no\">\n\t\t\t\t\t<div class=\"elementor-column elementor-col-33 elementor-inner-column elementor-element elementor-element-1c30741\" data-id=\"1c30741\" data-element_type=\"column\" data-e-type=\"column\" data-settings=\"{&quot;background_background&quot;:&quot;classic&quot;}\">\n\t\t\t<div class=\"elementor-widget-wrap elementor-element-populated\">\n\t\t\t\t\t\t<div class=\"elementor-element elementor-element-754a950 elementor-align-start elementor-mobile-align-start elementor-icon-list--layout-traditional elementor-list-item-link-full_width elementor-widget elementor-widget-icon-list\" data-id=\"754a950\" data-element_type=\"widget\" data-e-type=\"widget\" data-widget_type=\"icon-list.default\">\n\t\t\t\t<div class=\"elementor-widget-container\">\n\t\t\t\t\t\t\t<ul class=\"elementor-icon-list-items\">\n\t\t\t\t\t\t\t<li class=\"elementor-icon-list-item\">\n\t\t\t\t\t\t\t\t\t\t\t<span class=\"elementor-icon-list-icon\">\n\t\t\t\t\t\t\t<i aria-hidden=\"true\" class=\"fas fa-check\"><\/i>\t\t\t\t\t\t<\/span>\n\t\t\t\t\t\t\t\t\t\t<span class=\"elementor-icon-list-text\">Interim management<\/span>\n\t\t\t\t\t\t\t\t\t<\/li>\n\t\t\t\t\t\t\t\t<li class=\"elementor-icon-list-item\">\n\t\t\t\t\t\t\t\t\t\t\t<span class=\"elementor-icon-list-icon\">\n\t\t\t\t\t\t\t<i aria-hidden=\"true\" class=\"fas fa-check\"><\/i>\t\t\t\t\t\t<\/span>\n\t\t\t\t\t\t\t\t\t\t<span class=\"elementor-icon-list-text\">Change management<\/span>\n\t\t\t\t\t\t\t\t\t<\/li>\n\t\t\t\t\t\t\t\t<li class=\"elementor-icon-list-item\">\n\t\t\t\t\t\t\t\t\t\t\t<span class=\"elementor-icon-list-icon\">\n\t\t\t\t\t\t\t<i aria-hidden=\"true\" class=\"fas fa-check\"><\/i>\t\t\t\t\t\t<\/span>\n\t\t\t\t\t\t\t\t\t\t<span class=\"elementor-icon-list-text\">Project management and administration<\/span>\n\t\t\t\t\t\t\t\t\t<\/li>\n\t\t\t\t\t\t\t\t<li class=\"elementor-icon-list-item\">\n\t\t\t\t\t\t\t\t\t\t\t<span class=\"elementor-icon-list-icon\">\n\t\t\t\t\t\t\t<i aria-hidden=\"true\" class=\"fas fa-check\"><\/i>\t\t\t\t\t\t<\/span>\n\t\t\t\t\t\t\t\t\t\t<span class=\"elementor-icon-list-text\">Solution architecture<\/span>\n\t\t\t\t\t\t\t\t\t<\/li>\n\t\t\t\t\t\t\t\t<li class=\"elementor-icon-list-item\">\n\t\t\t\t\t\t\t\t\t\t\t<span class=\"elementor-icon-list-icon\">\n\t\t\t\t\t\t\t<i aria-hidden=\"true\" class=\"fas fa-check\"><\/i>\t\t\t\t\t\t<\/span>\n\t\t\t\t\t\t\t\t\t\t<span class=\"elementor-icon-list-text\">Subject matter responsible<\/span>\n\t\t\t\t\t\t\t\t\t<\/li>\n\t\t\t\t\t\t\t\t<li class=\"elementor-icon-list-item\">\n\t\t\t\t\t\t\t\t\t\t\t<span class=\"elementor-icon-list-icon\">\n\t\t\t\t\t\t\t<i aria-hidden=\"true\" class=\"fas fa-check\"><\/i>\t\t\t\t\t\t<\/span>\n\t\t\t\t\t\t\t\t\t\t<span class=\"elementor-icon-list-text\">Testing<\/span>\n\t\t\t\t\t\t\t\t\t<\/li>\n\t\t\t\t\t\t\t\t<li class=\"elementor-icon-list-item\">\n\t\t\t\t\t\t\t\t\t\t\t<span class=\"elementor-icon-list-icon\">\n\t\t\t\t\t\t\t<i aria-hidden=\"true\" class=\"fas fa-check\"><\/i>\t\t\t\t\t\t<\/span>\n\t\t\t\t\t\t\t\t\t\t<span class=\"elementor-icon-list-text\">Training<\/span>\n\t\t\t\t\t\t\t\t\t<\/li>\n\t\t\t\t\t\t\t\t<li class=\"elementor-icon-list-item\">\n\t\t\t\t\t\t\t\t\t\t\t<span class=\"elementor-icon-list-icon\">\n\t\t\t\t\t\t\t<i aria-hidden=\"true\" class=\"fas fa-check\"><\/i>\t\t\t\t\t\t<\/span>\n\t\t\t\t\t\t\t\t\t\t<span class=\"elementor-icon-list-text\">Start-up assistance<\/span>\n\t\t\t\t\t\t\t\t\t<\/li>\n\t\t\t\t\t\t\t\t<li class=\"elementor-icon-list-item\">\n\t\t\t\t\t\t\t\t\t\t\t<span class=\"elementor-icon-list-icon\">\n\t\t\t\t\t\t\t<i aria-hidden=\"true\" class=\"fas fa-check\"><\/i>\t\t\t\t\t\t<\/span>\n\t\t\t\t\t\t\t\t\t\t<span class=\"elementor-icon-list-text\">Support<\/span>\n\t\t\t\t\t\t\t\t\t<\/li>\n\t\t\t\t\t\t<\/ul>\n\t\t\t\t\t\t<\/div>\n\t\t\t\t<\/div>\n\t\t\t\t\t<\/div>\n\t\t<\/div>\n\t\t\t\t<div class=\"elementor-column elementor-col-66 elementor-inner-column elementor-element elementor-element-ac0be50\" data-id=\"ac0be50\" data-element_type=\"column\" data-e-type=\"column\" data-settings=\"{&quot;background_background&quot;:&quot;classic&quot;}\">\n\t\t\t<div class=\"elementor-widget-wrap elementor-element-populated\">\n\t\t\t\t\t\t<div class=\"elementor-element elementor-element-fa01cfe elementor-widget elementor-widget-text-editor\" data-id=\"fa01cfe\" data-element_type=\"widget\" data-e-type=\"widget\" data-widget_type=\"text-editor.default\">\n\t\t\t\t<div class=\"elementor-widget-container\">\n\t\t\t\t\t\t\t\t\t<p>We have in-depth knowledge in products like Microsoft Dynamics 365 Finance &amp; Supply chain management, D365 Project operations, AX2012, AX2009, AX4 and Axapta 3.0. We also have some experience related to SAP R3 and D365 Business central. We use DevOps, MS Visio, MS Project to manage our tasks related to processes, testing and implementation.<\/p>\t\t\t\t\t\t\t\t<\/div>\n\t\t\t\t<\/div>\n\t\t\t\t<div class=\"elementor-element elementor-element-e9f1c77 elementor-widget elementor-widget-image\" data-id=\"e9f1c77\" data-element_type=\"widget\" data-e-type=\"widget\" data-widget_type=\"image.default\">\n\t\t\t\t<div class=\"elementor-widget-container\">\n\t\t\t\t\t\t\t\t\t\t\t\t\t\t\t<img decoding=\"async\" width=\"800\" height=\"533\" src=\"https:\/\/erpservice.no\/wp-content\/uploads\/2021\/02\/DSC_7535-1024x682.jpg\" class=\"attachment-large size-large wp-image-51\" alt=\"\" srcset=\"https:\/\/erpservice.no\/wp-content\/uploads\/2021\/02\/DSC_7535-1024x682.jpg 1024w, https:\/\/erpservice.no\/wp-content\/uploads\/2021\/02\/DSC_7535-300x200.jpg 300w, https:\/\/erpservice.no\/wp-content\/uploads\/2021\/02\/DSC_7535-768x512.jpg 768w, https:\/\/erpservice.no\/wp-content\/uploads\/2021\/02\/DSC_7535-1536x1024.jpg 1536w, https:\/\/erpservice.no\/wp-content\/uploads\/2021\/02\/DSC_7535-2048x1365.jpg 2048w\" sizes=\"(max-width: 800px) 100vw, 800px\" \/>\t\t\t\t\t\t\t\t\t\t\t\t\t\t\t<\/div>\n\t\t\t\t<\/div>\n\t\t\t\t\t<\/div>\n\t\t<\/div>\n\t\t\t\t\t<\/div>\n\t\t<\/section>\n\t\t\t\t\t<\/div>\n\t\t<\/div>\n\t\t\t\t\t<\/div>\n\t\t<\/section>\n\t\t\t\t<\/div>\n\t\t<\/div><\/div>\t\t\t\t<\/div>\n\t\t\t\t\t\t\t<\/div>\n\t\t<\/div>\n\t\t\t\t\t\t<\/div>\n\t\t\t\t<\/div>\n\t\t\t\t\t<\/div>\n\t\t<\/div>\n\t\t\t\t\t<\/div>\n\t\t<\/section>\n\t\t\t\t<\/div>","protected":false},"excerpt":{"rendered":"<p>Tjenester Kundetjenester Partnertjenester Vi kan levere r\u00e5dgiving og bistand i alle faser i endringsreise relatert til ERP og IT V\u00e5r r\u00e5dgiving og bistand tar alltid utgangspunkt i kundens forretningsprosesser. V\u00e5re ansatte har flere \u00e5rs erfaring innenfor omr\u00e5der som prosjektledelse, endringsledelse, prosessdesign, l\u00f8sningsarkitektur, testledelse, implementeringsbistand, kontinuerlig vedlikehold\/revitalisering, driftsadministrasjon og l\u00f8pende support. Objektiv r\u00e5dgiving og bistand p\u00e5 [&hellip;]<\/p>","protected":false},"author":1,"featured_media":0,"parent":0,"menu_order":0,"comment_status":"closed","ping_status":"closed","template":"elementor_header_footer","meta":{"_acf_changed":false,"footnotes":""},"class_list":["post-24","page","type-page","status-publish","hentry"],"acf":[],"yoast_head":"<!-- This site is optimized with the Yoast SEO plugin v27.0 - https:\/\/yoast.com\/product\/yoast-seo-wordpress\/ -->\n<title>Tjenester - ERP service<\/title>\n<meta name=\"robots\" content=\"index, follow, max-snippet:-1, max-image-preview:large, max-video-preview:-1\" \/>\n<link rel=\"canonical\" href=\"https:\/\/erpservice.no\/en\/tjenester\/\" \/>\n<meta property=\"og:locale\" content=\"en_US\" \/>\n<meta property=\"og:type\" content=\"article\" \/>\n<meta property=\"og:title\" content=\"Tjenester - ERP service\" \/>\n<meta property=\"og:description\" content=\"Tjenester Kundetjenester Partnertjenester Vi kan levere r\u00e5dgiving og bistand i alle faser i endringsreise relatert til ERP og IT V\u00e5r r\u00e5dgiving og bistand tar alltid utgangspunkt i kundens forretningsprosesser. V\u00e5re ansatte har flere \u00e5rs erfaring innenfor omr\u00e5der som prosjektledelse, endringsledelse, prosessdesign, l\u00f8sningsarkitektur, testledelse, implementeringsbistand, kontinuerlig vedlikehold\/revitalisering, driftsadministrasjon og l\u00f8pende support. Objektiv r\u00e5dgiving og bistand p\u00e5 [&hellip;]\" \/>\n<meta property=\"og:url\" content=\"https:\/\/erpservice.no\/en\/tjenester\/\" \/>\n<meta property=\"og:site_name\" content=\"ERP service\" \/>\n<meta property=\"article:modified_time\" content=\"2021-03-15T19:28:54+00:00\" \/>\n<meta property=\"og:image\" content=\"https:\/\/erpservice.no\/wp-content\/uploads\/2021\/02\/DSC_8389-1024x683.jpg\" \/>\n<meta name=\"twitter:card\" content=\"summary_large_image\" \/>\n<meta name=\"twitter:label1\" content=\"Est. reading time\" \/>\n\t<meta name=\"twitter:data1\" content=\"4 minutes\" \/>\n<script type=\"application\/ld+json\" class=\"yoast-schema-graph\">{\"@context\":\"https:\/\/schema.org\",\"@graph\":[{\"@type\":\"WebPage\",\"@id\":\"https:\/\/erpservice.no\/tjenester\/\",\"url\":\"https:\/\/erpservice.no\/tjenester\/\",\"name\":\"Tjenester - ERP service\",\"isPartOf\":{\"@id\":\"https:\/\/erpservice.no\/#website\"},\"primaryImageOfPage\":{\"@id\":\"https:\/\/erpservice.no\/tjenester\/#primaryimage\"},\"image\":{\"@id\":\"https:\/\/erpservice.no\/tjenester\/#primaryimage\"},\"thumbnailUrl\":\"https:\/\/erpservice.no\/wp-content\/uploads\/2021\/02\/DSC_8389-1024x683.jpg\",\"datePublished\":\"2021-02-04T08:36:18+00:00\",\"dateModified\":\"2021-03-15T19:28:54+00:00\",\"breadcrumb\":{\"@id\":\"https:\/\/erpservice.no\/tjenester\/#breadcrumb\"},\"inLanguage\":\"en-US\",\"potentialAction\":[{\"@type\":\"ReadAction\",\"target\":[\"https:\/\/erpservice.no\/tjenester\/\"]}]},{\"@type\":\"ImageObject\",\"inLanguage\":\"en-US\",\"@id\":\"https:\/\/erpservice.no\/tjenester\/#primaryimage\",\"url\":\"https:\/\/erpservice.no\/wp-content\/uploads\/2021\/02\/DSC_8389-1024x683.jpg\",\"contentUrl\":\"https:\/\/erpservice.no\/wp-content\/uploads\/2021\/02\/DSC_8389-1024x683.jpg\"},{\"@type\":\"BreadcrumbList\",\"@id\":\"https:\/\/erpservice.no\/tjenester\/#breadcrumb\",\"itemListElement\":[{\"@type\":\"ListItem\",\"position\":1,\"name\":\"Home\",\"item\":\"https:\/\/erpservice.no\/\"},{\"@type\":\"ListItem\",\"position\":2,\"name\":\"Tjenester\"}]},{\"@type\":\"WebSite\",\"@id\":\"https:\/\/erpservice.no\/#website\",\"url\":\"https:\/\/erpservice.no\/\",\"name\":\"ERP service\",\"description\":\"ERP service\",\"potentialAction\":[{\"@type\":\"SearchAction\",\"target\":{\"@type\":\"EntryPoint\",\"urlTemplate\":\"https:\/\/erpservice.no\/?s={search_term_string}\"},\"query-input\":{\"@type\":\"PropertyValueSpecification\",\"valueRequired\":true,\"valueName\":\"search_term_string\"}}],\"inLanguage\":\"en-US\"}]}<\/script>\n<!-- \/ Yoast SEO plugin. -->","yoast_head_json":{"title":"Tjenester - ERP service","robots":{"index":"index","follow":"follow","max-snippet":"max-snippet:-1","max-image-preview":"max-image-preview:large","max-video-preview":"max-video-preview:-1"},"canonical":"https:\/\/erpservice.no\/en\/tjenester\/","og_locale":"en_US","og_type":"article","og_title":"Tjenester - ERP service","og_description":"Tjenester Kundetjenester Partnertjenester Vi kan levere r\u00e5dgiving og bistand i alle faser i endringsreise relatert til ERP og IT V\u00e5r r\u00e5dgiving og bistand tar alltid utgangspunkt i kundens forretningsprosesser. V\u00e5re ansatte har flere \u00e5rs erfaring innenfor omr\u00e5der som prosjektledelse, endringsledelse, prosessdesign, l\u00f8sningsarkitektur, testledelse, implementeringsbistand, kontinuerlig vedlikehold\/revitalisering, driftsadministrasjon og l\u00f8pende support. Objektiv r\u00e5dgiving og bistand p\u00e5 [&hellip;]","og_url":"https:\/\/erpservice.no\/en\/tjenester\/","og_site_name":"ERP service","article_modified_time":"2021-03-15T19:28:54+00:00","og_image":[{"url":"https:\/\/erpservice.no\/wp-content\/uploads\/2021\/02\/DSC_8389-1024x683.jpg","type":"","width":"","height":""}],"twitter_card":"summary_large_image","twitter_misc":{"Est. reading time":"4 minutes"},"schema":{"@context":"https:\/\/schema.org","@graph":[{"@type":"WebPage","@id":"https:\/\/erpservice.no\/tjenester\/","url":"https:\/\/erpservice.no\/tjenester\/","name":"Tjenester - ERP service","isPartOf":{"@id":"https:\/\/erpservice.no\/#website"},"primaryImageOfPage":{"@id":"https:\/\/erpservice.no\/tjenester\/#primaryimage"},"image":{"@id":"https:\/\/erpservice.no\/tjenester\/#primaryimage"},"thumbnailUrl":"https:\/\/erpservice.no\/wp-content\/uploads\/2021\/02\/DSC_8389-1024x683.jpg","datePublished":"2021-02-04T08:36:18+00:00","dateModified":"2021-03-15T19:28:54+00:00","breadcrumb":{"@id":"https:\/\/erpservice.no\/tjenester\/#breadcrumb"},"inLanguage":"en-US","potentialAction":[{"@type":"ReadAction","target":["https:\/\/erpservice.no\/tjenester\/"]}]},{"@type":"ImageObject","inLanguage":"en-US","@id":"https:\/\/erpservice.no\/tjenester\/#primaryimage","url":"https:\/\/erpservice.no\/wp-content\/uploads\/2021\/02\/DSC_8389-1024x683.jpg","contentUrl":"https:\/\/erpservice.no\/wp-content\/uploads\/2021\/02\/DSC_8389-1024x683.jpg"},{"@type":"BreadcrumbList","@id":"https:\/\/erpservice.no\/tjenester\/#breadcrumb","itemListElement":[{"@type":"ListItem","position":1,"name":"Home","item":"https:\/\/erpservice.no\/"},{"@type":"ListItem","position":2,"name":"Tjenester"}]},{"@type":"WebSite","@id":"https:\/\/erpservice.no\/#website","url":"https:\/\/erpservice.no\/","name":"ERP service","description":"ERP service","potentialAction":[{"@type":"SearchAction","target":{"@type":"EntryPoint","urlTemplate":"https:\/\/erpservice.no\/?s={search_term_string}"},"query-input":{"@type":"PropertyValueSpecification","valueRequired":true,"valueName":"search_term_string"}}],"inLanguage":"en-US"}]}},"_links":{"self":[{"href":"https:\/\/erpservice.no\/en\/wp-json\/wp\/v2\/pages\/24","targetHints":{"allow":["GET"]}}],"collection":[{"href":"https:\/\/erpservice.no\/en\/wp-json\/wp\/v2\/pages"}],"about":[{"href":"https:\/\/erpservice.no\/en\/wp-json\/wp\/v2\/types\/page"}],"author":[{"embeddable":true,"href":"https:\/\/erpservice.no\/en\/wp-json\/wp\/v2\/users\/1"}],"replies":[{"embeddable":true,"href":"https:\/\/erpservice.no\/en\/wp-json\/wp\/v2\/comments?post=24"}],"version-history":[{"count":59,"href":"https:\/\/erpservice.no\/en\/wp-json\/wp\/v2\/pages\/24\/revisions"}],"predecessor-version":[{"id":1094,"href":"https:\/\/erpservice.no\/en\/wp-json\/wp\/v2\/pages\/24\/revisions\/1094"}],"wp:attachment":[{"href":"https:\/\/erpservice.no\/en\/wp-json\/wp\/v2\/media?parent=24"}],"curies":[{"name":"wp","href":"https:\/\/api.w.org\/{rel}","templated":true}]}}